{"id":8,"date":"2026-01-19T14:23:45","date_gmt":"2026-01-19T14:23:45","guid":{"rendered":"https:\/\/www.syl20denis.fr\/?page_id=8"},"modified":"2026-01-28T11:02:23","modified_gmt":"2026-01-28T11:02:23","slug":"accueil","status":"publish","type":"page","link":"https:\/\/www.syl20denis.fr\/","title":{"rendered":"Accueil"},"content":{"rendered":"\n<p>Install\u00e9 depuis 2011 sur le secteur du Vigan, je suis \u00e0 m\u00eame de pouvoir r\u00e9pondre \u00e0 la plupart de vos demandes en informatique : d\u00e9pannage, conseil, d\u00e9veloppement, maintenance ou cr\u00e9ation de site WEB personnalis\u00e9 .<\/p>\n\n\n\n<h2 class=\"wp-block-heading\">D\u00e9pannage \u00e0 domicile<\/h2>\n\n\n\n<p><\/p>\n\n\n\n<p>Vous avez un probl\u00e8me avec votre PC, votre PC portable(lenteurs, bug, virus&#8230;), votre r\u00e9seau, votre imprimante ou un autre de vos \u00e9quipement informatique ; n&rsquo;h\u00e9sitez pas, contactez moi. <br>Apr\u00e8s un premier diagnostique par t\u00e9l\u00e9phone sans engagement je me d\u00e9place, soit pour effectuer la r\u00e9paration sur place, soit pour emporter le mat\u00e9riel \u00e0 traiter si l&rsquo;op\u00e9ration est longue (afin que vous ne payiez que le temps pass\u00e9 \u00e0 travailler et pas le temps pass\u00e9 \u00e0 attendre que les proc\u00e9dures de r\u00e9paration se d\u00e9roulent).<\/p>\n\n\n\n<p>Vous avez un projet \u00e0 mettre en place : installation informatique complexe, partage de donn\u00e9es, partage de mat\u00e9riel. Je peux vous conseiller afin de faire les bons choix.<\/p>\n\n\n\n<h2 class=\"wp-block-heading\">D\u00e9veloppement<\/h2>\n\n\n\n<p>Vous avez besoin d&rsquo;une application pour traiter de la donn\u00e9e, automatiser une tache p\u00e9riodique. Je peux vous aider \u00e0 concevoir et r\u00e9aliser ce projet.<br>Vous souhaitez d\u00e9couvrir la programmation, je peux vous former.<\/p>\n\n\n\n<h2 class=\"wp-block-heading\">Cr\u00e9ation, mainteance de site WEB<\/h2>\n\n\n\n<p>Vous avez un projet de site WEB, mais vous ne savez pas comment le r\u00e9aliser ; je suis \u00e0 m\u00eame de vous aider \u00e0 le concevoir, je peux \u00e9galement le r\u00e9aliser pour vous ou vous aider \u00e0 le faire vous-m\u00eame.<br>Votre site est d\u00e9j\u00e0 en place mais vous souhaitez en am\u00e9liorer le r\u00e9f\u00e9rencement, ou confier sa mainteance : n&rsquo;h\u00e9sitez pas \u00e0 me contacter pour que nous voyions ensemble comment faire au mieux.<\/p>\n\n\n\n<p>Sylvain DENIS<\/p>\n\n\n\n<p><a href=\"tel:+33615757531\"><img loading=\"lazy\" decoding=\"async\" src=\"https:\/\/www.aumessas.fr\/wp-content\/uploads\/2020\/08\/icon-tel-b.png\" style=\"top:10px;position: relative;\" width=\"32\" height=\"32\"> <b>  06 15 75 75 31<\/b><\/a><\/p>\n\n\n\n<p><a onmouseover=\"swaphref(event)\" href=\"mailto:syltrucmachin20.2nis@gmabiduleilchose.com\" id=\"idcontact\"><img loading=\"lazy\" decoding=\"async\" width=\"32\" height=\"32\" style=\"top:10px;position: relative;\" src=\"https:\/\/www.aumessas.fr\/wp-content\/uploads\/2020\/08\/icon-mel-b.png\"> <b>syl<span class=\"invisible\">trucbidule<\/span>20.2<span class=\"invisible\">machin<\/span>nis@gm<span class=\"invisible\">chose<\/span>ail.com<\/b><\/a><\/p>\n\n\n\n<p><\/p>\n","protected":false},"excerpt":{"rendered":"<p>Install\u00e9 depuis 2011 sur le secteur du Vigan, je suis \u00e0 m\u00eame de pouvoir r\u00e9pondre \u00e0 la plupart de vos demandes en informatique : d\u00e9pannage, conseil, d\u00e9veloppement, maintenance ou cr\u00e9ation de site WEB personnalis\u00e9 . D\u00e9pannage \u00e0 domicile Vous avez un probl\u00e8me avec votre PC, votre PC portable(lenteurs, bug, virus&#8230;), votre r\u00e9seau, votre imprimante ou [&hellip;]<\/p>\n","protected":false},"author":1,"featured_media":0,"parent":0,"menu_order":0,"comment_status":"closed","ping_status":"closed","template":"","meta":{"footnotes":""},"class_list":["post-8","page","type-page","status-publish","hentry"],"_links":{"self":[{"href":"https:\/\/www.syl20denis.fr\/index.php\/wp-json\/wp\/v2\/pages\/8","targetHints":{"allow":["GET"]}}],"collection":[{"href":"https:\/\/www.syl20denis.fr\/index.php\/wp-json\/wp\/v2\/pages"}],"about":[{"href":"https:\/\/www.syl20denis.fr\/index.php\/wp-json\/wp\/v2\/types\/page"}],"author":[{"embeddable":true,"href":"https:\/\/www.syl20denis.fr\/index.php\/wp-json\/wp\/v2\/users\/1"}],"replies":[{"embeddable":true,"href":"https:\/\/www.syl20denis.fr\/index.php\/wp-json\/wp\/v2\/comments?post=8"}],"version-history":[{"count":9,"href":"https:\/\/www.syl20denis.fr\/index.php\/wp-json\/wp\/v2\/pages\/8\/revisions"}],"predecessor-version":[{"id":31,"href":"https:\/\/www.syl20denis.fr\/index.php\/wp-json\/wp\/v2\/pages\/8\/revisions\/31"}],"wp:attachment":[{"href":"https:\/\/www.syl20denis.fr\/index.php\/wp-json\/wp\/v2\/media?parent=8"}],"curies":[{"name":"wp","href":"https:\/\/api.w.org\/{rel}","templated":true}]}}